{"id":2336,"date":"2025-04-09T16:33:08","date_gmt":"2025-04-09T15:33:08","guid":{"rendered":"https:\/\/memoria2025.ncencomunicacion.com\/berrikuntzaren-eta-gizarte-erronken-arloa\/concepto-y-origen\/"},"modified":"2025-05-14T15:02:43","modified_gmt":"2025-05-14T13:02:43","slug":"kontzeptua-eta-jatorria","status":"publish","type":"page","link":"https:\/\/memoria2025.ncencomunicacion.com\/eu\/berrikuntzaren-eta-gizarte-erronken-arloa\/kontzeptua-eta-jatorria\/","title":{"rendered":"Kontzeptua eta jatorria"},"content":{"rendered":"<div class=\"et_d4_element et_pb_section et_pb_section_0  et_pb_css_mix_blend_mode et_section_regular et_block_section\" >\n\t\t\t\t\n\t\t\t\t\n\t\t\t\t\n\t\t\t\t\n\t\t\t\t\n\t\t\t\t\n\t\t\t\t<div class=\"et_d4_element et_pb_row et_pb_row_0  et_pb_css_mix_blend_mode et_block_row\">\n\t\t\t\t<div class=\"et_d4_element et_pb_column_4_4 et_pb_column et_pb_column_0  et_pb_css_mix_blend_mode et-last-child et_block_column\">\n\t\t\t\t\n\t\t\t\t\n\t\t\t\t\n\t\t\t\t\n\t\t\t\t<div class=\"et_pb_module et_d4_element et_pb_heading et_pb_heading_0 et_pb_bg_layout_\">\n\t\t\t\t\n\t\t\t\t\n\t\t\t\t\n\t\t\t\t\n\t\t\t\t<div class=\"et_pb_heading_container\"><\/div>\n\t\t\t<\/div><div class=\"et_pb_module et_d4_element et_pb_text et_pb_text_0  et_pb_text_align_left et_pb_bg_layout_light\">\n\t\t\t\t\n\t\t\t\t\n\t\t\t\t\n\t\t\t\t\n\t\t\t\t<div class=\"et_pb_text_inner\"><p><ol class=\"fundacion-breadcrumbs\" itemscope itemtype=\"http:\/\/schema.org\/BreadcrumbList\"><li itemprop=\"itemListElement\" itemscope itemtype=\"http:\/\/schema.org\/ListItem\"><a itemprop=\"item\" href=\"https:\/\/memoria2025.ncencomunicacion.com\/eu\/\" itemprop=\"item\"><span itemprop=\"name\">Hasiera<\/span><\/a><meta itemprop=\"position\" content=\"1\"><\/li><\/ol><\/p><\/div>\n\t\t\t<\/div>\n\t\t\t<\/div>\n\t\t\t\t\n\t\t\t\t\n\t\t\t\t\n\t\t\t\t\n\t\t\t<\/div><div class=\"et_d4_element et_pb_row et_pb_row_1  et_pb_css_mix_blend_mode et_block_row\">\n\t\t\t\t<div class=\"et_d4_element et_pb_column_3_5 et_pb_column et_pb_column_1  et_pb_css_mix_blend_mode et_block_column\">\n\t\t\t\t\n\t\t\t\t\n\t\t\t\t\n\t\t\t\t\n\t\t\t\t<div class=\"et_pb_module et_d4_element et_pb_text et_pb_text_1  et_pb_text_align_left et_pb_bg_layout_light\">\n\t\t\t\t\n\t\t\t\t\n\t\t\t\t\n\t\t\t\t\n\t\t\t\t<div class=\"et_pb_text_inner\"><h2>Berrikuntza ziurtatzea, joerak zaintzea eta proiektuak bultzatzea<\/h2>\n<p><strong>Nafarroako Kutxa Fundazioaren egituraren barruan arlo hori sortzearen jatorria III. Plan Estrategikoa (2023-2028) da, erakundearen barruan berrikuntza ziurtatzeko, joerak zaintzeko sistema bat sartzeko eta erronka sozialei erantzuteko proiektu berritzaileak bultzatzeko.<\/strong><\/p>\n<p>Arlo honek zeharkako eragina izan nahi du Fundazioaren jarduera osoan, eta helburu horiek modu ordenatuan eta uniformean lortzea ahalbidetuko duen lan-metodologia bat sortzea du helburu.<br \/>\nNafarroako Kutxa Fundazioak berrikuntzaren eta metodologia propioaren kontzeptu bat definitu du.\u00a0<br \/>\nBerrikuntzak honako hauek egin behar dituela uste dugu:<\/p>\n<ul>\n<li style=\"list-style-type: none;\">\n<ul>\n<li style=\"list-style-type: none;\">\n<ul>\n<li>ezagutzan oinarrituta egotea, inprobisazioa saihesteko,<\/li>\n<li>gizarte-aldaketa sortzea,<\/li>\n<li>lankidetza eta aliantzak sustatzea, denboran indartsuagoak eta iraunkorragoak diren proiektuen motor gisa,<\/li>\n<li>gizartean inpaktu (ebaluagarria) bat ziurtatzea,<\/li>\n<\/ul>\n<\/li>\n<\/ul>\n<\/li>\n<\/ul><\/div>\n\t\t\t<\/div>\n\t\t\t<\/div><div class=\"et_d4_element et_pb_column_2_5 et_pb_column et_pb_column_2  et_pb_css_mix_blend_mode et-last-child et_block_column\">\n\t\t\t\t\n\t\t\t\t\n\t\t\t\t\n\t\t\t\t\n\t\t\t\t<div class=\"et_pb_module et_d4_element et_pb_image et_pb_image_0\">\n\t\t\t\t\n\t\t\t\t\n\t\t\t\t\n\t\t\t\t\n\t\t\t\t<a href=\"https:\/\/open.spotify.com\/show\/7AptzWNEZfiEr05bOAkSe0\" target=\"_blank\"><span class=\"et_pb_image_wrap \"><img loading=\"lazy\" decoding=\"async\" width=\"1800\" height=\"1200\" src=\"https:\/\/memoria2025.ncencomunicacion.com\/wp-content\/uploads\/2025\/04\/innovacion_retos_proyectos_concepto_origen_fcajanavarra.jpg\" alt=\"\" title=\"Fundaci\u00f3n Cajanavarra | \u00c1rea de Innovaci\u00f3n y Retos Sociales | Concepto y origen\" srcset=\"https:\/\/memoria2025.ncencomunicacion.com\/wp-content\/uploads\/2025\/04\/innovacion_retos_proyectos_concepto_origen_fcajanavarra.jpg 1800w, https:\/\/memoria2025.ncencomunicacion.com\/wp-content\/uploads\/2025\/04\/innovacion_retos_proyectos_concepto_origen_fcajanavarra-1280x853.jpg 1280w, https:\/\/memoria2025.ncencomunicacion.com\/wp-content\/uploads\/2025\/04\/innovacion_retos_proyectos_concepto_origen_fcajanavarra-980x653.jpg 980w, https:\/\/memoria2025.ncencomunicacion.com\/wp-content\/uploads\/2025\/04\/innovacion_retos_proyectos_concepto_origen_fcajanavarra-480x320.jpg 480w\" sizes=\"(min-width: 0px) and (max-width: 480px) 480px, (min-width: 481px) and (max-width: 980px) 980px, (min-width: 981px) and (max-width: 1280px) 1280px, (min-width: 1281px) 1800px, 100vw\" class=\"wp-image-892\" \/><\/span><\/a>\n\t\t\t<\/div>\n\t\t\t<\/div>\n\t\t\t\t\n\t\t\t\t\n\t\t\t\t\n\t\t\t\t\n\t\t\t<\/div>\n\t\t\t\t\n\t\t\t\t\n\t\t\t<\/div>\n","protected":false},"excerpt":{"rendered":"","protected":false},"author":2,"featured_media":2379,"parent":2329,"menu_order":8,"comment_status":"closed","ping_status":"closed","template":"","meta":{"_acf_changed":false,"inline_featured_image":false,"_et_pb_use_builder":"on","_et_pb_old_content":"","_et_gb_content_width":"","footnotes":""},"class_list":["post-2336","page","type-page","status-publish","has-post-thumbnail","hentry"],"acf":[],"yoast_head":"<!-- This site is optimized with the Yoast SEO plugin v27.4 - https:\/\/yoast.com\/product\/yoast-seo-wordpress\/ -->\n<title>Kontzeptua eta jatorria - Fundaci\u00f3n Caja Navarra - Memoria 2025<\/title>\n<meta name=\"robots\" content=\"noindex, follow, max-snippet:-1, max-image-preview:large, max-video-preview:-1\" \/>\n<meta property=\"og:locale\" content=\"eu_ES\" \/>\n<meta property=\"og:type\" content=\"article\" \/>\n<meta property=\"og:title\" content=\"Kontzeptua eta jatorria - Fundaci\u00f3n Caja Navarra - Memoria 2025\" \/>\n<meta property=\"og:url\" content=\"https:\/\/memoria2025.ncencomunicacion.com\/eu\/berrikuntzaren-eta-gizarte-erronken-arloa\/kontzeptua-eta-jatorria\/\" \/>\n<meta property=\"og:site_name\" content=\"Fundaci\u00f3n Caja Navarra - Memoria 2025\" \/>\n<meta property=\"article:modified_time\" content=\"2025-05-14T13:02:43+00:00\" \/>\n<meta property=\"og:image\" content=\"https:\/\/memoria2025.ncencomunicacion.com\/wp-content\/uploads\/2025\/05\/Area-de-innovacion-y-retos-sociales-_-concepto-origen.jpg\" \/>\n\t<meta property=\"og:image:width\" content=\"700\" \/>\n\t<meta property=\"og:image:height\" content=\"1200\" \/>\n\t<meta property=\"og:image:type\" content=\"image\/jpeg\" \/>\n<meta name=\"twitter:card\" content=\"summary_large_image\" \/>\n<meta name=\"twitter:label1\" content=\"Est. reading time\" \/>\n\t<meta name=\"twitter:data1\" content=\"2 minutes\" \/>\n<script type=\"application\/ld+json\" class=\"yoast-schema-graph\">{\"@context\":\"https:\\\/\\\/schema.org\",\"@graph\":[{\"@type\":\"WebPage\",\"@id\":\"https:\\\/\\\/memoria2025.ncencomunicacion.com\\\/eu\\\/berrikuntzaren-eta-gizarte-erronken-arloa\\\/kontzeptua-eta-jatorria\\\/\",\"url\":\"https:\\\/\\\/memoria2025.ncencomunicacion.com\\\/eu\\\/berrikuntzaren-eta-gizarte-erronken-arloa\\\/kontzeptua-eta-jatorria\\\/\",\"name\":\"Kontzeptua eta jatorria - Fundaci\u00f3n Caja Navarra - Memoria 2025\",\"isPartOf\":{\"@id\":\"https:\\\/\\\/memoria2025.ncencomunicacion.com\\\/#website\"},\"primaryImageOfPage\":{\"@id\":\"https:\\\/\\\/memoria2025.ncencomunicacion.com\\\/eu\\\/berrikuntzaren-eta-gizarte-erronken-arloa\\\/kontzeptua-eta-jatorria\\\/#primaryimage\"},\"image\":{\"@id\":\"https:\\\/\\\/memoria2025.ncencomunicacion.com\\\/eu\\\/berrikuntzaren-eta-gizarte-erronken-arloa\\\/kontzeptua-eta-jatorria\\\/#primaryimage\"},\"thumbnailUrl\":\"https:\\\/\\\/memoria2025.ncencomunicacion.com\\\/wp-content\\\/uploads\\\/2025\\\/05\\\/Area-de-innovacion-y-retos-sociales-_-concepto-origen.jpg\",\"datePublished\":\"2025-04-09T15:33:08+00:00\",\"dateModified\":\"2025-05-14T13:02:43+00:00\",\"breadcrumb\":{\"@id\":\"https:\\\/\\\/memoria2025.ncencomunicacion.com\\\/eu\\\/berrikuntzaren-eta-gizarte-erronken-arloa\\\/kontzeptua-eta-jatorria\\\/#breadcrumb\"},\"inLanguage\":\"eu-ES\",\"potentialAction\":[{\"@type\":\"ReadAction\",\"target\":[\"https:\\\/\\\/memoria2025.ncencomunicacion.com\\\/eu\\\/berrikuntzaren-eta-gizarte-erronken-arloa\\\/kontzeptua-eta-jatorria\\\/\"]}]},{\"@type\":\"ImageObject\",\"inLanguage\":\"eu-ES\",\"@id\":\"https:\\\/\\\/memoria2025.ncencomunicacion.com\\\/eu\\\/berrikuntzaren-eta-gizarte-erronken-arloa\\\/kontzeptua-eta-jatorria\\\/#primaryimage\",\"url\":\"https:\\\/\\\/memoria2025.ncencomunicacion.com\\\/wp-content\\\/uploads\\\/2025\\\/05\\\/Area-de-innovacion-y-retos-sociales-_-concepto-origen.jpg\",\"contentUrl\":\"https:\\\/\\\/memoria2025.ncencomunicacion.com\\\/wp-content\\\/uploads\\\/2025\\\/05\\\/Area-de-innovacion-y-retos-sociales-_-concepto-origen.jpg\",\"width\":700,\"height\":1200},{\"@type\":\"BreadcrumbList\",\"@id\":\"https:\\\/\\\/memoria2025.ncencomunicacion.com\\\/eu\\\/berrikuntzaren-eta-gizarte-erronken-arloa\\\/kontzeptua-eta-jatorria\\\/#breadcrumb\",\"itemListElement\":[{\"@type\":\"ListItem\",\"position\":1,\"name\":\"Portada\",\"item\":\"https:\\\/\\\/memoria2025.ncencomunicacion.com\\\/eu\\\/\"},{\"@type\":\"ListItem\",\"position\":2,\"name\":\"Berrikuntzaren eta Gizarte Erronken Arloa\",\"item\":\"https:\\\/\\\/memoria2025.ncencomunicacion.com\\\/eu\\\/berrikuntzaren-eta-gizarte-erronken-arloa\\\/\"},{\"@type\":\"ListItem\",\"position\":3,\"name\":\"Kontzeptua eta jatorria\"}]},{\"@type\":\"WebSite\",\"@id\":\"https:\\\/\\\/memoria2025.ncencomunicacion.com\\\/#website\",\"url\":\"https:\\\/\\\/memoria2025.ncencomunicacion.com\\\/\",\"name\":\"Fundaci\u00f3n Caja Navarra - Memoria 2025\",\"description\":\"\",\"publisher\":{\"@id\":\"https:\\\/\\\/memoria2025.ncencomunicacion.com\\\/#organization\"},\"potentialAction\":[{\"@type\":\"SearchAction\",\"target\":{\"@type\":\"EntryPoint\",\"urlTemplate\":\"https:\\\/\\\/memoria2025.ncencomunicacion.com\\\/?s={search_term_string}\"},\"query-input\":{\"@type\":\"PropertyValueSpecification\",\"valueRequired\":true,\"valueName\":\"search_term_string\"}}],\"inLanguage\":\"eu-ES\"},{\"@type\":\"Organization\",\"@id\":\"https:\\\/\\\/memoria2025.ncencomunicacion.com\\\/#organization\",\"name\":\"Fundaci\u00f3n Caja Navarra\",\"url\":\"https:\\\/\\\/memoria2025.ncencomunicacion.com\\\/\",\"logo\":{\"@type\":\"ImageObject\",\"inLanguage\":\"eu-ES\",\"@id\":\"https:\\\/\\\/memoria2025.ncencomunicacion.com\\\/#\\\/schema\\\/logo\\\/image\\\/\",\"url\":\"https:\\\/\\\/memoria2025.ncencomunicacion.com\\\/wp-content\\\/uploads\\\/2025\\\/05\\\/logo-fcn-black.svg\",\"contentUrl\":\"https:\\\/\\\/memoria2025.ncencomunicacion.com\\\/wp-content\\\/uploads\\\/2025\\\/05\\\/logo-fcn-black.svg\",\"width\":196,\"height\":90,\"caption\":\"Fundaci\u00f3n Caja Navarra\"},\"image\":{\"@id\":\"https:\\\/\\\/memoria2025.ncencomunicacion.com\\\/#\\\/schema\\\/logo\\\/image\\\/\"}}]}<\/script>\n<!-- \/ Yoast SEO plugin. -->","yoast_head_json":{"title":"Kontzeptua eta jatorria - Fundaci\u00f3n Caja Navarra - Memoria 2025","robots":{"index":"noindex","follow":"follow","max-snippet":"max-snippet:-1","max-image-preview":"max-image-preview:large","max-video-preview":"max-video-preview:-1"},"og_locale":"eu_ES","og_type":"article","og_title":"Kontzeptua eta jatorria - Fundaci\u00f3n Caja Navarra - Memoria 2025","og_url":"https:\/\/memoria2025.ncencomunicacion.com\/eu\/berrikuntzaren-eta-gizarte-erronken-arloa\/kontzeptua-eta-jatorria\/","og_site_name":"Fundaci\u00f3n Caja Navarra - Memoria 2025","article_modified_time":"2025-05-14T13:02:43+00:00","og_image":[{"width":700,"height":1200,"url":"https:\/\/memoria2025.ncencomunicacion.com\/wp-content\/uploads\/2025\/05\/Area-de-innovacion-y-retos-sociales-_-concepto-origen.jpg","type":"image\/jpeg"}],"twitter_card":"summary_large_image","twitter_misc":{"Est. reading time":"2 minutes"},"schema":{"@context":"https:\/\/schema.org","@graph":[{"@type":"WebPage","@id":"https:\/\/memoria2025.ncencomunicacion.com\/eu\/berrikuntzaren-eta-gizarte-erronken-arloa\/kontzeptua-eta-jatorria\/","url":"https:\/\/memoria2025.ncencomunicacion.com\/eu\/berrikuntzaren-eta-gizarte-erronken-arloa\/kontzeptua-eta-jatorria\/","name":"Kontzeptua eta jatorria - Fundaci\u00f3n Caja Navarra - Memoria 2025","isPartOf":{"@id":"https:\/\/memoria2025.ncencomunicacion.com\/#website"},"primaryImageOfPage":{"@id":"https:\/\/memoria2025.ncencomunicacion.com\/eu\/berrikuntzaren-eta-gizarte-erronken-arloa\/kontzeptua-eta-jatorria\/#primaryimage"},"image":{"@id":"https:\/\/memoria2025.ncencomunicacion.com\/eu\/berrikuntzaren-eta-gizarte-erronken-arloa\/kontzeptua-eta-jatorria\/#primaryimage"},"thumbnailUrl":"https:\/\/memoria2025.ncencomunicacion.com\/wp-content\/uploads\/2025\/05\/Area-de-innovacion-y-retos-sociales-_-concepto-origen.jpg","datePublished":"2025-04-09T15:33:08+00:00","dateModified":"2025-05-14T13:02:43+00:00","breadcrumb":{"@id":"https:\/\/memoria2025.ncencomunicacion.com\/eu\/berrikuntzaren-eta-gizarte-erronken-arloa\/kontzeptua-eta-jatorria\/#breadcrumb"},"inLanguage":"eu-ES","potentialAction":[{"@type":"ReadAction","target":["https:\/\/memoria2025.ncencomunicacion.com\/eu\/berrikuntzaren-eta-gizarte-erronken-arloa\/kontzeptua-eta-jatorria\/"]}]},{"@type":"ImageObject","inLanguage":"eu-ES","@id":"https:\/\/memoria2025.ncencomunicacion.com\/eu\/berrikuntzaren-eta-gizarte-erronken-arloa\/kontzeptua-eta-jatorria\/#primaryimage","url":"https:\/\/memoria2025.ncencomunicacion.com\/wp-content\/uploads\/2025\/05\/Area-de-innovacion-y-retos-sociales-_-concepto-origen.jpg","contentUrl":"https:\/\/memoria2025.ncencomunicacion.com\/wp-content\/uploads\/2025\/05\/Area-de-innovacion-y-retos-sociales-_-concepto-origen.jpg","width":700,"height":1200},{"@type":"BreadcrumbList","@id":"https:\/\/memoria2025.ncencomunicacion.com\/eu\/berrikuntzaren-eta-gizarte-erronken-arloa\/kontzeptua-eta-jatorria\/#breadcrumb","itemListElement":[{"@type":"ListItem","position":1,"name":"Portada","item":"https:\/\/memoria2025.ncencomunicacion.com\/eu\/"},{"@type":"ListItem","position":2,"name":"Berrikuntzaren eta Gizarte Erronken Arloa","item":"https:\/\/memoria2025.ncencomunicacion.com\/eu\/berrikuntzaren-eta-gizarte-erronken-arloa\/"},{"@type":"ListItem","position":3,"name":"Kontzeptua eta jatorria"}]},{"@type":"WebSite","@id":"https:\/\/memoria2025.ncencomunicacion.com\/#website","url":"https:\/\/memoria2025.ncencomunicacion.com\/","name":"Fundaci\u00f3n Caja Navarra - Memoria 2025","description":"","publisher":{"@id":"https:\/\/memoria2025.ncencomunicacion.com\/#organization"},"potentialAction":[{"@type":"SearchAction","target":{"@type":"EntryPoint","urlTemplate":"https:\/\/memoria2025.ncencomunicacion.com\/?s={search_term_string}"},"query-input":{"@type":"PropertyValueSpecification","valueRequired":true,"valueName":"search_term_string"}}],"inLanguage":"eu-ES"},{"@type":"Organization","@id":"https:\/\/memoria2025.ncencomunicacion.com\/#organization","name":"Fundaci\u00f3n Caja Navarra","url":"https:\/\/memoria2025.ncencomunicacion.com\/","logo":{"@type":"ImageObject","inLanguage":"eu-ES","@id":"https:\/\/memoria2025.ncencomunicacion.com\/#\/schema\/logo\/image\/","url":"https:\/\/memoria2025.ncencomunicacion.com\/wp-content\/uploads\/2025\/05\/logo-fcn-black.svg","contentUrl":"https:\/\/memoria2025.ncencomunicacion.com\/wp-content\/uploads\/2025\/05\/logo-fcn-black.svg","width":196,"height":90,"caption":"Fundaci\u00f3n Caja Navarra"},"image":{"@id":"https:\/\/memoria2025.ncencomunicacion.com\/#\/schema\/logo\/image\/"}}]}},"_links":{"self":[{"href":"https:\/\/memoria2025.ncencomunicacion.com\/eu\/wp-json\/wp\/v2\/pages\/2336","targetHints":{"allow":["GET"]}}],"collection":[{"href":"https:\/\/memoria2025.ncencomunicacion.com\/eu\/wp-json\/wp\/v2\/pages"}],"about":[{"href":"https:\/\/memoria2025.ncencomunicacion.com\/eu\/wp-json\/wp\/v2\/types\/page"}],"author":[{"embeddable":true,"href":"https:\/\/memoria2025.ncencomunicacion.com\/eu\/wp-json\/wp\/v2\/users\/2"}],"replies":[{"embeddable":true,"href":"https:\/\/memoria2025.ncencomunicacion.com\/eu\/wp-json\/wp\/v2\/comments?post=2336"}],"version-history":[{"count":5,"href":"https:\/\/memoria2025.ncencomunicacion.com\/eu\/wp-json\/wp\/v2\/pages\/2336\/revisions"}],"predecessor-version":[{"id":2773,"href":"https:\/\/memoria2025.ncencomunicacion.com\/eu\/wp-json\/wp\/v2\/pages\/2336\/revisions\/2773"}],"up":[{"embeddable":true,"href":"https:\/\/memoria2025.ncencomunicacion.com\/eu\/wp-json\/wp\/v2\/pages\/2329"}],"wp:featuredmedia":[{"embeddable":true,"href":"https:\/\/memoria2025.ncencomunicacion.com\/eu\/wp-json\/wp\/v2\/media\/2379"}],"wp:attachment":[{"href":"https:\/\/memoria2025.ncencomunicacion.com\/eu\/wp-json\/wp\/v2\/media?parent=2336"}],"curies":[{"name":"wp","href":"https:\/\/api.w.org\/{rel}","templated":true}]}}