{"id":2357,"date":"2025-04-09T16:16:57","date_gmt":"2025-04-09T15:16:57","guid":{"rendered":"https:\/\/memoria2025.ncencomunicacion.com\/berrikuntzaren-eta-gizarte-erronken-arloa\/proyectos-en-desarrollo\/"},"modified":"2025-06-09T16:16:22","modified_gmt":"2025-06-09T14:16:22","slug":"garatzen-ari-diren-proiektuak","status":"publish","type":"page","link":"https:\/\/memoria2025.ncencomunicacion.com\/eu\/berrikuntzaren-eta-gizarte-erronken-arloa\/garatzen-ari-diren-proiektuak\/","title":{"rendered":"Garatzen ari diren proiektuak"},"content":{"rendered":"<div class=\"et_d4_element et_pb_section et_pb_section_0  et_pb_css_mix_blend_mode et_section_regular et_block_section\" >\n\t\t\t\t\n\t\t\t\t\n\t\t\t\t\n\t\t\t\t\n\t\t\t\t\n\t\t\t\t\n\t\t\t\t<div class=\"et_d4_element et_pb_row et_pb_row_0  et_pb_css_mix_blend_mode et_block_row\">\n\t\t\t\t<div class=\"et_d4_element et_pb_column_4_4 et_pb_column et_pb_column_0  et_pb_css_mix_blend_mode et-last-child et_block_column\">\n\t\t\t\t\n\t\t\t\t\n\t\t\t\t\n\t\t\t\t\n\t\t\t\t<div class=\"et_pb_module et_d4_element et_pb_heading et_pb_heading_0 et_pb_bg_layout_\">\n\t\t\t\t\n\t\t\t\t\n\t\t\t\t\n\t\t\t\t\n\t\t\t\t<div class=\"et_pb_heading_container\"><\/div>\n\t\t\t<\/div><div class=\"et_pb_module et_d4_element et_pb_text et_pb_text_0  et_pb_text_align_left et_pb_bg_layout_light\">\n\t\t\t\t\n\t\t\t\t\n\t\t\t\t\n\t\t\t\t\n\t\t\t\t<div class=\"et_pb_text_inner\"><p><ol class=\"fundacion-breadcrumbs\" itemscope itemtype=\"http:\/\/schema.org\/BreadcrumbList\"><li itemprop=\"itemListElement\" itemscope itemtype=\"http:\/\/schema.org\/ListItem\"><a itemprop=\"item\" href=\"https:\/\/memoria2025.ncencomunicacion.com\/eu\/\" itemprop=\"item\"><span itemprop=\"name\">Hasiera<\/span><\/a><meta itemprop=\"position\" content=\"1\"><\/li><\/ol><\/p><\/div>\n\t\t\t<\/div>\n\t\t\t<\/div>\n\t\t\t\t\n\t\t\t\t\n\t\t\t\t\n\t\t\t\t\n\t\t\t<\/div><div class=\"et_d4_element et_pb_row et_pb_row_1  et_pb_css_mix_blend_mode et_block_row\">\n\t\t\t\t<div class=\"et_d4_element et_pb_column_3_5 et_pb_column et_pb_column_1  et_pb_css_mix_blend_mode et_block_column\">\n\t\t\t\t\n\t\t\t\t\n\t\t\t\t\n\t\t\t\t\n\t\t\t\t<div class=\"et_pb_module et_d4_element et_pb_text et_pb_text_1  et_pb_text_align_left et_pb_bg_layout_light\">\n\t\t\t\t\n\t\t\t\t\n\t\t\t\t\n\t\t\t\t\n\t\t\t\t<div class=\"et_pb_text_inner\"><h2>Dagoeneko hazia jarri duten ekimenak<\/h2>\n<p><strong>Era berean, 2024an zenbait ekimen hasi ziren, hazi hasiberria jarri zutenak, baina iraupen luzeagoko ezarpen-prozesua eskatzen dutenak.<\/strong><\/p>\n<p>Kasu hauek dira: <\/p>\n<ul>\n<li><strong>Berrikuntza zentro<\/strong> propioa Iru\u00f1ean.<\/li>\n<li><strong>Isterriko basoaren<\/strong> hezkuntza- eta ingurumen-proiektua.<\/li>\n<li>Adimen-urritasun handia duten <strong>pertsonei laguntzeko etxebizitza bat abian jartzea<\/strong>.<\/li>\n<\/ul>\n<p>Ekimen horiek guztiak Fundazioaren Plan Estrategikotik sortzen dira, eta Berrikuntza eta Erronka Sozialen arloan proposatzen den metodologiarekin garatzen ari dira.<\/p>\n<ul>\n<li style=\"list-style-type: none;\">\n<ul>\n<li style=\"list-style-type: none;\">\n<ul><\/ul>\n<\/li>\n<\/ul>\n<\/li>\n<\/ul><\/div>\n\t\t\t<\/div>\n\t\t\t<\/div><div class=\"et_d4_element et_pb_column_2_5 et_pb_column et_pb_column_2  et_pb_css_mix_blend_mode et-last-child et_block_column\">\n\t\t\t\t\n\t\t\t\t\n\t\t\t\t\n\t\t\t\t\n\t\t\t\t<div class=\"et_pb_module et_d4_element et_pb_image et_pb_image_0\">\n\t\t\t\t\n\t\t\t\t\n\t\t\t\t\n\t\t\t\t\n\t\t\t\t<a href=\"https:\/\/open.spotify.com\/show\/7AptzWNEZfiEr05bOAkSe0\" target=\"_blank\"><span class=\"et_pb_image_wrap \"><img loading=\"lazy\" decoding=\"async\" width=\"900\" height=\"600\" src=\"https:\/\/memoria2025.ncencomunicacion.com\/wp-content\/uploads\/2025\/04\/innovacion_retos_proyectos_desarrollo0_fcajanavarra.jpg\" alt=\"\" title=\"Fundaci\u00f3n Cajanavarra | \u00c1rea de Innovaci\u00f3n y Retos Sociales | Proyectos en Desarrollo\" srcset=\"https:\/\/memoria2025.ncencomunicacion.com\/wp-content\/uploads\/2025\/04\/innovacion_retos_proyectos_desarrollo0_fcajanavarra.jpg 900w, https:\/\/memoria2025.ncencomunicacion.com\/wp-content\/uploads\/2025\/04\/innovacion_retos_proyectos_desarrollo0_fcajanavarra-480x320.jpg 480w\" sizes=\"(min-width: 0px) and (max-width: 480px) 480px, (min-width: 481px) 900px, 100vw\" class=\"wp-image-877\" \/><\/span><\/a>\n\t\t\t<\/div><div class=\"et_pb_module et_d4_element et_pb_gallery et_pb_gallery_0 galeria-miniaturas  et_pb_bg_layout_light et_pb_gallery_grid\">\n\t\t\t\t<div class=\"et_pb_gallery_items et_pb_grid_items et_post_gallery clearfix\" data-per_page=\"20\"><div class=\"et_pb_gallery_item et_pb_grid_item et_pb_bg_layout_light et_pb_css_mix_blend_mode et_pb_gallery_item_0_0\"><div class=\"et_pb_gallery_image landscape\">\n\t\t\t\t\t<a href=\"https:\/\/memoria2025.ncencomunicacion.com\/wp-content\/uploads\/2025\/04\/innovacion_retos_proyectos_desarrollo2_fcajanavarra.jpg\" title=\"innovacion_retos_proyectos_desarrollo2_fcajanavarra\">\n\t\t\t\t\t<img loading=\"lazy\" decoding=\"async\" width=\"400\" height=\"284\" src=\"https:\/\/memoria2025.ncencomunicacion.com\/wp-content\/uploads\/2025\/04\/innovacion_retos_proyectos_desarrollo2_fcajanavarra-400x284.jpg\" srcset=\"https:\/\/memoria2025.ncencomunicacion.com\/wp-content\/uploads\/2025\/04\/innovacion_retos_proyectos_desarrollo2_fcajanavarra.jpg 479w, https:\/\/memoria2025.ncencomunicacion.com\/wp-content\/uploads\/2025\/04\/innovacion_retos_proyectos_desarrollo2_fcajanavarra-400x284.jpg 480w\" sizes=\"(max-width:479px) 479px, 100vw\" class=\"wp-image-882\" \/>\n\t\t\t\t\t<span class=\"et_overlay\"><\/span>\n\t\t\t\t<\/a>\n\t\t\t\t<\/div><\/div><div class=\"et_pb_gallery_item et_pb_grid_item et_pb_bg_layout_light et_pb_css_mix_blend_mode et_pb_gallery_item_0_1\"><div class=\"et_pb_gallery_image landscape\">\n\t\t\t\t\t<a href=\"https:\/\/memoria2025.ncencomunicacion.com\/wp-content\/uploads\/2025\/04\/innovacion_retos_proyectos_desarrollo1_fcajanavarra.jpg\" title=\"innovacion_retos_proyectos_desarrollo1_fcajanavarra\">\n\t\t\t\t\t<img loading=\"lazy\" decoding=\"async\" width=\"400\" height=\"284\" src=\"https:\/\/memoria2025.ncencomunicacion.com\/wp-content\/uploads\/2025\/04\/innovacion_retos_proyectos_desarrollo1_fcajanavarra-400x284.jpg\" srcset=\"https:\/\/memoria2025.ncencomunicacion.com\/wp-content\/uploads\/2025\/04\/innovacion_retos_proyectos_desarrollo1_fcajanavarra.jpg 479w, https:\/\/memoria2025.ncencomunicacion.com\/wp-content\/uploads\/2025\/04\/innovacion_retos_proyectos_desarrollo1_fcajanavarra-400x284.jpg 480w\" sizes=\"(max-width:479px) 479px, 100vw\" class=\"wp-image-880\" \/>\n\t\t\t\t\t<span class=\"et_overlay\"><\/span>\n\t\t\t\t<\/a>\n\t\t\t\t<\/div><\/div><\/div><\/div>\n\t\t\t<\/div>\n\t\t\t\t\n\t\t\t\t\n\t\t\t\t\n\t\t\t\t\n\t\t\t<\/div>\n\t\t\t\t\n\t\t\t\t\n\t\t\t<\/div>\n","protected":false},"excerpt":{"rendered":"","protected":false},"author":2,"featured_media":2389,"parent":2329,"menu_order":9,"comment_status":"closed","ping_status":"closed","template":"","meta":{"_acf_changed":false,"inline_featured_image":false,"_et_pb_use_builder":"on","_et_pb_old_content":"","_et_gb_content_width":"","footnotes":""},"class_list":["post-2357","page","type-page","status-publish","has-post-thumbnail","hentry"],"acf":[],"yoast_head":"<!-- This site is optimized with the Yoast SEO plugin v27.4 - https:\/\/yoast.com\/product\/yoast-seo-wordpress\/ -->\n<title>Garatzen ari diren proiektuak - Fundaci\u00f3n Caja Navarra - Memoria 2025<\/title>\n<meta name=\"robots\" content=\"noindex, follow, max-snippet:-1, max-image-preview:large, max-video-preview:-1\" \/>\n<meta property=\"og:locale\" content=\"eu_ES\" \/>\n<meta property=\"og:type\" content=\"article\" \/>\n<meta property=\"og:title\" content=\"Garatzen ari diren proiektuak - Fundaci\u00f3n Caja Navarra - Memoria 2025\" \/>\n<meta property=\"og:url\" content=\"https:\/\/memoria2025.ncencomunicacion.com\/eu\/berrikuntzaren-eta-gizarte-erronken-arloa\/garatzen-ari-diren-proiektuak\/\" \/>\n<meta property=\"og:site_name\" content=\"Fundaci\u00f3n Caja Navarra - Memoria 2025\" \/>\n<meta property=\"article:modified_time\" content=\"2025-06-09T14:16:22+00:00\" \/>\n<meta property=\"og:image\" content=\"https:\/\/memoria2025.ncencomunicacion.com\/wp-content\/uploads\/2025\/05\/Proyectos-en-desarrollo.jpg\" \/>\n\t<meta property=\"og:image:width\" content=\"700\" \/>\n\t<meta property=\"og:image:height\" content=\"1200\" \/>\n\t<meta property=\"og:image:type\" content=\"image\/jpeg\" \/>\n<meta name=\"twitter:card\" content=\"summary_large_image\" \/>\n<meta name=\"twitter:label1\" content=\"Est. reading time\" \/>\n\t<meta name=\"twitter:data1\" content=\"2 minutes\" \/>\n<script type=\"application\/ld+json\" class=\"yoast-schema-graph\">{\"@context\":\"https:\\\/\\\/schema.org\",\"@graph\":[{\"@type\":\"WebPage\",\"@id\":\"https:\\\/\\\/memoria2025.ncencomunicacion.com\\\/eu\\\/berrikuntzaren-eta-gizarte-erronken-arloa\\\/garatzen-ari-diren-proiektuak\\\/\",\"url\":\"https:\\\/\\\/memoria2025.ncencomunicacion.com\\\/eu\\\/berrikuntzaren-eta-gizarte-erronken-arloa\\\/garatzen-ari-diren-proiektuak\\\/\",\"name\":\"Garatzen ari diren proiektuak - Fundaci\u00f3n Caja Navarra - Memoria 2025\",\"isPartOf\":{\"@id\":\"https:\\\/\\\/memoria2025.ncencomunicacion.com\\\/#website\"},\"primaryImageOfPage\":{\"@id\":\"https:\\\/\\\/memoria2025.ncencomunicacion.com\\\/eu\\\/berrikuntzaren-eta-gizarte-erronken-arloa\\\/garatzen-ari-diren-proiektuak\\\/#primaryimage\"},\"image\":{\"@id\":\"https:\\\/\\\/memoria2025.ncencomunicacion.com\\\/eu\\\/berrikuntzaren-eta-gizarte-erronken-arloa\\\/garatzen-ari-diren-proiektuak\\\/#primaryimage\"},\"thumbnailUrl\":\"https:\\\/\\\/memoria2025.ncencomunicacion.com\\\/wp-content\\\/uploads\\\/2025\\\/05\\\/Proyectos-en-desarrollo.jpg\",\"datePublished\":\"2025-04-09T15:16:57+00:00\",\"dateModified\":\"2025-06-09T14:16:22+00:00\",\"breadcrumb\":{\"@id\":\"https:\\\/\\\/memoria2025.ncencomunicacion.com\\\/eu\\\/berrikuntzaren-eta-gizarte-erronken-arloa\\\/garatzen-ari-diren-proiektuak\\\/#breadcrumb\"},\"inLanguage\":\"eu-ES\",\"potentialAction\":[{\"@type\":\"ReadAction\",\"target\":[\"https:\\\/\\\/memoria2025.ncencomunicacion.com\\\/eu\\\/berrikuntzaren-eta-gizarte-erronken-arloa\\\/garatzen-ari-diren-proiektuak\\\/\"]}]},{\"@type\":\"ImageObject\",\"inLanguage\":\"eu-ES\",\"@id\":\"https:\\\/\\\/memoria2025.ncencomunicacion.com\\\/eu\\\/berrikuntzaren-eta-gizarte-erronken-arloa\\\/garatzen-ari-diren-proiektuak\\\/#primaryimage\",\"url\":\"https:\\\/\\\/memoria2025.ncencomunicacion.com\\\/wp-content\\\/uploads\\\/2025\\\/05\\\/Proyectos-en-desarrollo.jpg\",\"contentUrl\":\"https:\\\/\\\/memoria2025.ncencomunicacion.com\\\/wp-content\\\/uploads\\\/2025\\\/05\\\/Proyectos-en-desarrollo.jpg\",\"width\":700,\"height\":1200},{\"@type\":\"BreadcrumbList\",\"@id\":\"https:\\\/\\\/memoria2025.ncencomunicacion.com\\\/eu\\\/berrikuntzaren-eta-gizarte-erronken-arloa\\\/garatzen-ari-diren-proiektuak\\\/#breadcrumb\",\"itemListElement\":[{\"@type\":\"ListItem\",\"position\":1,\"name\":\"Portada\",\"item\":\"https:\\\/\\\/memoria2025.ncencomunicacion.com\\\/eu\\\/\"},{\"@type\":\"ListItem\",\"position\":2,\"name\":\"Berrikuntzaren eta Gizarte Erronken Arloa\",\"item\":\"https:\\\/\\\/memoria2025.ncencomunicacion.com\\\/eu\\\/berrikuntzaren-eta-gizarte-erronken-arloa\\\/\"},{\"@type\":\"ListItem\",\"position\":3,\"name\":\"Garatzen ari diren proiektuak\"}]},{\"@type\":\"WebSite\",\"@id\":\"https:\\\/\\\/memoria2025.ncencomunicacion.com\\\/#website\",\"url\":\"https:\\\/\\\/memoria2025.ncencomunicacion.com\\\/\",\"name\":\"Fundaci\u00f3n Caja Navarra - Memoria 2025\",\"description\":\"\",\"publisher\":{\"@id\":\"https:\\\/\\\/memoria2025.ncencomunicacion.com\\\/#organization\"},\"potentialAction\":[{\"@type\":\"SearchAction\",\"target\":{\"@type\":\"EntryPoint\",\"urlTemplate\":\"https:\\\/\\\/memoria2025.ncencomunicacion.com\\\/?s={search_term_string}\"},\"query-input\":{\"@type\":\"PropertyValueSpecification\",\"valueRequired\":true,\"valueName\":\"search_term_string\"}}],\"inLanguage\":\"eu-ES\"},{\"@type\":\"Organization\",\"@id\":\"https:\\\/\\\/memoria2025.ncencomunicacion.com\\\/#organization\",\"name\":\"Fundaci\u00f3n Caja Navarra\",\"url\":\"https:\\\/\\\/memoria2025.ncencomunicacion.com\\\/\",\"logo\":{\"@type\":\"ImageObject\",\"inLanguage\":\"eu-ES\",\"@id\":\"https:\\\/\\\/memoria2025.ncencomunicacion.com\\\/#\\\/schema\\\/logo\\\/image\\\/\",\"url\":\"https:\\\/\\\/memoria2025.ncencomunicacion.com\\\/wp-content\\\/uploads\\\/2025\\\/05\\\/logo-fcn-black.svg\",\"contentUrl\":\"https:\\\/\\\/memoria2025.ncencomunicacion.com\\\/wp-content\\\/uploads\\\/2025\\\/05\\\/logo-fcn-black.svg\",\"width\":196,\"height\":90,\"caption\":\"Fundaci\u00f3n Caja Navarra\"},\"image\":{\"@id\":\"https:\\\/\\\/memoria2025.ncencomunicacion.com\\\/#\\\/schema\\\/logo\\\/image\\\/\"}}]}<\/script>\n<!-- \/ Yoast SEO plugin. -->","yoast_head_json":{"title":"Garatzen ari diren proiektuak - Fundaci\u00f3n Caja Navarra - Memoria 2025","robots":{"index":"noindex","follow":"follow","max-snippet":"max-snippet:-1","max-image-preview":"max-image-preview:large","max-video-preview":"max-video-preview:-1"},"og_locale":"eu_ES","og_type":"article","og_title":"Garatzen ari diren proiektuak - Fundaci\u00f3n Caja Navarra - Memoria 2025","og_url":"https:\/\/memoria2025.ncencomunicacion.com\/eu\/berrikuntzaren-eta-gizarte-erronken-arloa\/garatzen-ari-diren-proiektuak\/","og_site_name":"Fundaci\u00f3n Caja Navarra - Memoria 2025","article_modified_time":"2025-06-09T14:16:22+00:00","og_image":[{"width":700,"height":1200,"url":"https:\/\/memoria2025.ncencomunicacion.com\/wp-content\/uploads\/2025\/05\/Proyectos-en-desarrollo.jpg","type":"image\/jpeg"}],"twitter_card":"summary_large_image","twitter_misc":{"Est. reading time":"2 minutes"},"schema":{"@context":"https:\/\/schema.org","@graph":[{"@type":"WebPage","@id":"https:\/\/memoria2025.ncencomunicacion.com\/eu\/berrikuntzaren-eta-gizarte-erronken-arloa\/garatzen-ari-diren-proiektuak\/","url":"https:\/\/memoria2025.ncencomunicacion.com\/eu\/berrikuntzaren-eta-gizarte-erronken-arloa\/garatzen-ari-diren-proiektuak\/","name":"Garatzen ari diren proiektuak - Fundaci\u00f3n Caja Navarra - Memoria 2025","isPartOf":{"@id":"https:\/\/memoria2025.ncencomunicacion.com\/#website"},"primaryImageOfPage":{"@id":"https:\/\/memoria2025.ncencomunicacion.com\/eu\/berrikuntzaren-eta-gizarte-erronken-arloa\/garatzen-ari-diren-proiektuak\/#primaryimage"},"image":{"@id":"https:\/\/memoria2025.ncencomunicacion.com\/eu\/berrikuntzaren-eta-gizarte-erronken-arloa\/garatzen-ari-diren-proiektuak\/#primaryimage"},"thumbnailUrl":"https:\/\/memoria2025.ncencomunicacion.com\/wp-content\/uploads\/2025\/05\/Proyectos-en-desarrollo.jpg","datePublished":"2025-04-09T15:16:57+00:00","dateModified":"2025-06-09T14:16:22+00:00","breadcrumb":{"@id":"https:\/\/memoria2025.ncencomunicacion.com\/eu\/berrikuntzaren-eta-gizarte-erronken-arloa\/garatzen-ari-diren-proiektuak\/#breadcrumb"},"inLanguage":"eu-ES","potentialAction":[{"@type":"ReadAction","target":["https:\/\/memoria2025.ncencomunicacion.com\/eu\/berrikuntzaren-eta-gizarte-erronken-arloa\/garatzen-ari-diren-proiektuak\/"]}]},{"@type":"ImageObject","inLanguage":"eu-ES","@id":"https:\/\/memoria2025.ncencomunicacion.com\/eu\/berrikuntzaren-eta-gizarte-erronken-arloa\/garatzen-ari-diren-proiektuak\/#primaryimage","url":"https:\/\/memoria2025.ncencomunicacion.com\/wp-content\/uploads\/2025\/05\/Proyectos-en-desarrollo.jpg","contentUrl":"https:\/\/memoria2025.ncencomunicacion.com\/wp-content\/uploads\/2025\/05\/Proyectos-en-desarrollo.jpg","width":700,"height":1200},{"@type":"BreadcrumbList","@id":"https:\/\/memoria2025.ncencomunicacion.com\/eu\/berrikuntzaren-eta-gizarte-erronken-arloa\/garatzen-ari-diren-proiektuak\/#breadcrumb","itemListElement":[{"@type":"ListItem","position":1,"name":"Portada","item":"https:\/\/memoria2025.ncencomunicacion.com\/eu\/"},{"@type":"ListItem","position":2,"name":"Berrikuntzaren eta Gizarte Erronken Arloa","item":"https:\/\/memoria2025.ncencomunicacion.com\/eu\/berrikuntzaren-eta-gizarte-erronken-arloa\/"},{"@type":"ListItem","position":3,"name":"Garatzen ari diren proiektuak"}]},{"@type":"WebSite","@id":"https:\/\/memoria2025.ncencomunicacion.com\/#website","url":"https:\/\/memoria2025.ncencomunicacion.com\/","name":"Fundaci\u00f3n Caja Navarra - Memoria 2025","description":"","publisher":{"@id":"https:\/\/memoria2025.ncencomunicacion.com\/#organization"},"potentialAction":[{"@type":"SearchAction","target":{"@type":"EntryPoint","urlTemplate":"https:\/\/memoria2025.ncencomunicacion.com\/?s={search_term_string}"},"query-input":{"@type":"PropertyValueSpecification","valueRequired":true,"valueName":"search_term_string"}}],"inLanguage":"eu-ES"},{"@type":"Organization","@id":"https:\/\/memoria2025.ncencomunicacion.com\/#organization","name":"Fundaci\u00f3n Caja Navarra","url":"https:\/\/memoria2025.ncencomunicacion.com\/","logo":{"@type":"ImageObject","inLanguage":"eu-ES","@id":"https:\/\/memoria2025.ncencomunicacion.com\/#\/schema\/logo\/image\/","url":"https:\/\/memoria2025.ncencomunicacion.com\/wp-content\/uploads\/2025\/05\/logo-fcn-black.svg","contentUrl":"https:\/\/memoria2025.ncencomunicacion.com\/wp-content\/uploads\/2025\/05\/logo-fcn-black.svg","width":196,"height":90,"caption":"Fundaci\u00f3n Caja Navarra"},"image":{"@id":"https:\/\/memoria2025.ncencomunicacion.com\/#\/schema\/logo\/image\/"}}]}},"_links":{"self":[{"href":"https:\/\/memoria2025.ncencomunicacion.com\/eu\/wp-json\/wp\/v2\/pages\/2357","targetHints":{"allow":["GET"]}}],"collection":[{"href":"https:\/\/memoria2025.ncencomunicacion.com\/eu\/wp-json\/wp\/v2\/pages"}],"about":[{"href":"https:\/\/memoria2025.ncencomunicacion.com\/eu\/wp-json\/wp\/v2\/types\/page"}],"author":[{"embeddable":true,"href":"https:\/\/memoria2025.ncencomunicacion.com\/eu\/wp-json\/wp\/v2\/users\/2"}],"replies":[{"embeddable":true,"href":"https:\/\/memoria2025.ncencomunicacion.com\/eu\/wp-json\/wp\/v2\/comments?post=2357"}],"version-history":[{"count":4,"href":"https:\/\/memoria2025.ncencomunicacion.com\/eu\/wp-json\/wp\/v2\/pages\/2357\/revisions"}],"predecessor-version":[{"id":2776,"href":"https:\/\/memoria2025.ncencomunicacion.com\/eu\/wp-json\/wp\/v2\/pages\/2357\/revisions\/2776"}],"up":[{"embeddable":true,"href":"https:\/\/memoria2025.ncencomunicacion.com\/eu\/wp-json\/wp\/v2\/pages\/2329"}],"wp:featuredmedia":[{"embeddable":true,"href":"https:\/\/memoria2025.ncencomunicacion.com\/eu\/wp-json\/wp\/v2\/media\/2389"}],"wp:attachment":[{"href":"https:\/\/memoria2025.ncencomunicacion.com\/eu\/wp-json\/wp\/v2\/media?parent=2357"}],"curies":[{"name":"wp","href":"https:\/\/api.w.org\/{rel}","templated":true}]}}