{"id":4698,"date":"2026-04-08T09:31:59","date_gmt":"2026-04-08T08:31:59","guid":{"rendered":"https:\/\/memoria2025.ncencomunicacion.com\/gardentasuna\/gobernu-korporatiboa\/"},"modified":"2026-05-06T04:28:38","modified_gmt":"2026-05-06T03:28:38","slug":"gobernu-korporatiboa","status":"publish","type":"page","link":"https:\/\/memoria2025.ncencomunicacion.com\/eu\/gardentasuna\/gobernu-korporatiboa\/","title":{"rendered":"Gobernu korporatiboa"},"content":{"rendered":"<div class=\"et_pb_section_0 et_pb_section et_section_regular et_block_section\">\n<div class=\"et_pb_row_0 et_pb_row et_block_row\">\n<div class=\"et_pb_column_0 et_pb_column et_pb_column_4_4 et-last-child et_block_column et_pb_css_mix_blend_mode_passthrough\">\n<div class=\"et_pb_heading_0 et_pb_heading et_pb_module et_block_module\"><div class=\"et_pb_heading_container\"><h1 class=\"et_pb_module_header\">Gobernu korporatiboa<\/h1><\/div><\/div>\n\n<div class=\"et_pb_text_0 et_pb_text et_pb_bg_layout_light et_pb_module et_block_module\"><div class=\"et_pb_text_inner\"><ol class=\"fundacion-breadcrumbs\" itemscope itemtype=\"http:\/\/schema.org\/BreadcrumbList\"><li itemprop=\"itemListElement\" itemscope itemtype=\"http:\/\/schema.org\/ListItem\"><a itemprop=\"item\" href=\"https:\/\/memoria2025.ncencomunicacion.com\/eu\/\" itemprop=\"item\"><span itemprop=\"name\">Hasiera<\/span><\/a><meta itemprop=\"position\" content=\"1\"><\/li><li itemprop=\"itemListElement\" itemscope itemtype=\"http:\/\/schema.org\/ListItem\"><a itemprop=\"item\" href=\"https:\/\/memoria2025.ncencomunicacion.com\/eu\/#gardentasuna\" itemprop=\"item\"><span itemprop=\"name\">Gardentasuna<\/span><\/a><meta itemprop=\"position\" content=\"2\"><\/li><\/ol>\n<\/div><\/div>\n<\/div>\n<\/div>\n\n<div class=\"et_pb_row_1 et_pb_row et_block_row\">\n<div class=\"et_pb_column_1 et_pb_column et_pb_column_2_3 et_block_column et_pb_css_mix_blend_mode_passthrough\">\n<div class=\"et_pb_text_1 et_pb_text et_pb_bg_layout_light et_pb_module et_block_module\"><div class=\"et_pb_text_inner\"><h2>Gobernantza fundazioaren helburuen zerbitzura<\/h2>\n<p><strong>Caja Navarra Fundazioaren gobernu-lana erakundeko Patronatuari dagokio, eta honek, aldi berean, bi batzorde espezifiko ditu: ekonomikoa eta gobernu onarena.<br \/><\/strong><strong><\/strong><\/p>\n<h3><\/h3>\n<h3>Patronatua<\/h3>\n<div class=\"elementToProof\">Fundazioaren gobernu, administrazio eta ordezkaritza organo gorena da.<\/div>\n<div class=\"elementToProof\">\n<div class=\"elementToProof\"><strong><\/strong><\/div>\n<div class=\"elementToProof\"><strong>2025ean bost bilera egin zituen:<\/strong> martxoaren 26an, maiatzaren 8an, ekainaren 26an, irailaren 25ean eta abenduaren 11n. Jardueraren eta ondare-kudeaketaren jarraipen periodikoaz gain, landu ziren gai nagusiak honako hauek izan ziren: <\/div>\n<\/div>\n<ul>\n<li class=\"elementToProof\">2023 - 2028 Plan Estrategikoaren berrikuspena eta tarteko doikuntza<\/li>\n<li class=\"elementToProof\">Aurreko ekitaldiko aurrekontuaren likidazioa<\/li>\n<li class=\"elementToProof\">Aurreko ekitaldiko urteko kontuen eta auditoria-txostenaren onespena<\/li>\n<li class=\"elementToProof\">Komunikazio eta Posizionamendu Planaren onespena<\/li>\n<li class=\"elementToProof\">Hurrengo hiru ekitaldietarako enpresa auditorearen izendapena<\/li>\n<li class=\"elementToProof\">2026rako Aurrekontuaren eta Jarduera Planaren onespena<\/li>\n<li class=\"elementToProof\">Fundazioaren Jasangarritasun Planaren onespena<\/li>\n<\/ul>\n<\/div>\n<div class=\"et_pb_accordion_0 et_pb_accordion et_pb_module et_block_module\">\n<div class=\"et_pb_accordion_item_0 et_pb_accordion_item et_pb_toggle et_pb_module et_pb_toggle_open et_block_module\"><h5 class=\"et_pb_toggle_title\">Kideak<\/h5><div class=\"et_pb_toggle_content\"><ul>\n<li><span>Jos\u00e9 \u00c1ngel Andr\u00e9s (lehendakaria)<\/span><\/li>\n<li><span>Juana Garc\u00eda (lehendakariordea)<\/span><\/li>\n<li><span>Pilar Aramburo<\/span><\/li>\n<li><span>Mercedes Ferro<\/span><\/li>\n<li><span>Estrella Lamadrid<\/span><\/li>\n<li><span>Jos\u00e9 Luis Mart\u00edn Nogales<\/span><\/li>\n<li><span>Isabel Moreno<\/span><\/li>\n<li><span>Javier Onieva<\/span><\/li>\n<li><span>Luis Ordoki<\/span><\/li>\n<\/ul>\n<\/div><\/div>\n\n<div class=\"et_pb_module et_pb_button_module_wrapper et_pb_button_0_wrapper\"><a class=\"et_pb_button_0 et_pb_button et_pb_bg_layout_light et_pb_module et_block_module\" href=\"https:\/\/www.fundacioncajanavarra.es\/conocenos\/transparencia\/patronato-de-la-fundacion\" target=\"_blank\">Patronatua ezagutu<\/a><\/div>\n\n<div class=\"et_pb_text_2 et_pb_text et_pb_bg_layout_light et_pb_module et_block_module\"><div class=\"et_pb_text_inner\"><h3>Ekonomia Batzordea<\/h3>\n<div class=\"elementToProof\">Ekonomia Batzordea <strong>Fundazioaren organo delegatu bat da, Patronatuko bost kidek osatua.<\/strong> <\/div>\n<div class=\"elementToProof\"><\/div>\n<div class=\"elementToProof\"><strong>2025ean hiru bilera egin zituen:<\/strong> martxoaren 13an, ekainaren 18an eta azaroaren 20an. Aurrekontuaren betetzearen eta finantza-ondarearen bilakaeraren etengabeko jarraipenaz gain, landu ziren gai nagusiak honako hauek izan ziren: <\/div>\n<ul>\n<li class=\"elementToProof\">Inbertsio-politikaren egokitzapenaren berrikuspena eta proposamena<\/li>\n<li class=\"elementToProof\">Belaunaldien arteko ekitatea eta baliabideen erabilera jasangarria bermatzeko gastu-arau baten onespena<\/li>\n<li class=\"elementToProof\">Aktiboen esleipen estrategikoaren baliozkotzea<\/li>\n<li class=\"elementToProof\">Finantza- eta ez-finantza-inbertsioen planaren onespena<\/li>\n<li class=\"elementToProof\">Diruzaintzaren kudeaketa-ereduaren onespena<\/li>\n<li class=\"elementToProof\">Inbertsio-politikaren eta CNMVren Jokabide Kodearen betetze-txostenen onespena<\/li>\n<\/ul>\n<\/div>\n<div class=\"et_pb_module et_pb_button_module_wrapper et_pb_button_1_wrapper\"><a class=\"et_pb_button_1 et_pb_button et_pb_bg_layout_light et_pb_module et_block_module\" href=\"https:\/\/www.fundacioncajanavarra.es\/conocenos\/transparencia\/organos-de-la-fundacion\/reglamento-comision-economica.pdf\" target=\"_blank\">Batzordearen araudia<\/a><\/div>\n\n<div class=\"et_pb_accordion_1 et_pb_accordion et_pb_module et_block_module\">\n<div class=\"et_pb_accordion_item_1 et_pb_accordion_item et_pb_toggle et_pb_module et_pb_toggle_open et_block_module\"><h5 class=\"et_pb_toggle_title\">Funtzioak <\/h5><div class=\"et_pb_toggle_content\"><p>Fundazioaren estatutuen 31. artikuluan xedatutakoaren arabera, honako funtzio hauek izango ditu:<\/p>\n<ul>\n<li>Aldian-aldian, aurrekontuaren jarraipenaren eta Fundazioaren ondarearen bilakaeraren berri izatea.<\/li>\n<li>Fundazioaren finantza-inbertsioen politika eta horien gauzatzea Patronatuari proposatzea.<\/li>\n<li>Finantza-eragiketak gauzatzea proposatzea edo zuzendaritza nagusiak proposatutakoak onartzea, betiere aurrez ezarritako inbertsio-politikara egokitzen badira eta Patronatuaren ondorengo txostenaren edo, hala badagokio, berrespenaren kalterik gabe.<\/li>\n<li>Aktibo mota guztiei eragiten dieten finantza- eta ez-finantza-eragiketak Patronatuari proposatzea.<\/li>\n<li>Fundazioaren kanpoko Kontu Auditoriaren izendapena Patronatuari proposatzea, baita, hala badagokio, kontratazio-baldintzak, bere agintaldi profesionalaren irismena eta izendapenaren ezeztapena edo berritzea ere.<\/li>\n<\/ul>\n<\/div><\/div>\n\n<div class=\"et_pb_accordion_item_2 et_pb_accordion_item et_pb_toggle et_pb_module et_pb_toggle_close et_block_module\"><h5 class=\"et_pb_toggle_title\">Kideak<\/h5><div class=\"et_pb_toggle_content\"><p>Batzorde hau osatzen duten pertsonak hauek dira:<\/p>\n<ul>\n<li>Javier Onieva Larrea jauna (lehendakaria)<\/li>\n<li>Jos\u00e9 \u00c1ngel Andr\u00e9s Guti\u00e9rrez jauna<\/li>\n<li>Juana Garc\u00eda Santamar\u00eda andrea<\/li>\n<li>Estrella Lamadrid Mor\u00f3n andrea<\/li>\n<li>Luis Ordoki Urdazi jauna<\/li>\n<\/ul>\n<\/div><\/div>\n<\/div>\n<\/div>\n<\/div>\n<\/div>\n\n<div class=\"et_pb_text_3 et_pb_text et_pb_bg_layout_light et_pb_module et_block_module\"><div class=\"et_pb_text_inner\"><h3>Gobernu Onaren Batzordea<\/h3>\n<p>Ekonomia Batzordea <strong>Fundazioaren organo delegatu bat da, Patronatuko bost kidek osatua.<\/strong> <\/p>\n<div class=\"elementToProof\"><strong>2025ean lau aldiz bildu zen<\/strong> (otsailaren 24an, maiatzaren 5ean, maiatzaren 26an eta azaroaren 17an). <span>Landu ziren gai nagusiak honako hauek izan ziren:<\/span><\/div>\n<div class=\"elementToProof\" role=\"presentation\">\n<ul>\n<li class=\"elementToProof\">Patronatu berriak hartzeko protokoloaren berrikuspena<\/li>\n<li class=\"elementToProof\">Zuzendaritza nagusiaren jardunaren ebaluazioa<\/li>\n<li class=\"elementToProof\">Gobernu Korporatiboaren urteko txostena<\/li>\n<li class=\"elementToProof\">Patronatuaren autoebaluazioa<\/li>\n<li>Fundazioaren egitura organikoa<\/li>\n<\/ul>\n<\/div>\n<\/div>\n<div class=\"et_pb_module et_pb_button_module_wrapper et_pb_button_2_wrapper\"><a class=\"et_pb_button_2 et_pb_button et_pb_bg_layout_light et_pb_module et_block_module\" href=\"https:\/\/www.fundacioncajanavarra.es\/conocenos\/transparencia\/organos-de-la-fundacion\/reglamento-comisi%C3%B3n-buen-gobierno.pdf\" target=\"_blank\">Batzordearen araudia<\/a><\/div>\n\n<div class=\"et_pb_accordion_2 et_pb_accordion et_pb_module et_block_module\">\n<div class=\"et_pb_accordion_item_3 et_pb_accordion_item et_pb_toggle et_pb_module et_pb_toggle_open et_block_module\"><h5 class=\"et_pb_toggle_title\">Funtzioak <\/h5><div class=\"et_pb_toggle_content\"><p>Fundazioaren estatutuen 30. artikuluan xedatutakoaren arabera, honako funtzio hauek izango ditu:<\/p>\n<ul>\n<li>Fundazioaren Kode Etikoen eta Gobernu Korporatibo Onaren xedapenak betetzen direla zaintzea, bai eta gardentasunaren arloko betebeharrak ere.<\/li>\n<li>Fundazioaren egitura organikoaren konfigurazioa Patronatuari proposatzea.<\/li>\n<li>Zuzendaritza nagusiarentzako ordainsari-politika Patronatuari proposatzea.<\/li>\n<li>Urtero, zuzendaritza nagusiaren helburuak Patronatuari proposatzea, bai eta haren kudeaketaren eta horien betetzearen ebaluazioa ere, aurrez ezarritako irizpideen arabera haren jarduna baloratuz.<\/li>\n<li>Patronatuko kideen etengabeko prestakuntza eta Patronatuaren kudeaketaren ebaluazioa sustatzea.<\/li>\n<li>Patronatuko kide izateko eta Fundazioaren zuzendaritza nagusirako legez eta estatutuetan aurreikusitako baldintzak betetzen direla bermatzea.<\/li>\n<li>Ordainsarien gardentasuna zaintzea eta Patronatuari horretarako garrantzitsua den edozein informazio aurkeztea.<\/li>\n<li>Patronatuari txostena igotzea, Patronatuko kideek Fundazioaren interesekin izan ditzaketen gatazka-egoera posibleei buruz, zuzenekoak zein zeharkakoak.<\/li>\n<\/ul>\n<\/div><\/div>\n\n<div class=\"et_pb_accordion_item_4 et_pb_accordion_item et_pb_toggle et_pb_module et_pb_toggle_close et_block_module\"><h5 class=\"et_pb_toggle_title\">Kideak<\/h5><div class=\"et_pb_toggle_content\"><p>Batzorde hau osatzen duten pertsonak hauek dira:<\/p>\n<ul>\n<li>Mercedes Ferro Monti\u00fa andrea (lehendakaria)<\/li>\n<li>Estrella Lamadrid Mor\u00f3n andrea<\/li>\n<li>Jos\u00e9 Luis Mart\u00edn Nogales jauna<\/li>\n<li>Isabel Moreno Ordu\u00f1a andrea<\/li>\n<\/ul>\n<\/div><\/div>\n<\/div>\n<\/div>\n<\/div>\n\n<div class=\"et_pb_column_2 et_pb_column et_pb_column_1_3 et-last-child et_block_column et_pb_css_mix_blend_mode_passthrough\">\n<div class=\"et_pb_image_0 et_pb_image et_pb_module et_block_module\"><span class=\"et_pb_image_wrap\"><img loading=\"lazy\" decoding=\"async\" src=\"https:\/\/memoria2025.ncencomunicacion.com\/wp-content\/uploads\/2026\/04\/buengobierno2_transparencia_fcnmemoria2025.jpg\" title=\"Cajanavarra Fundazioa | Gardentasuna\" width=\"1800\" height=\"1200\" srcset=\"https:\/\/memoria2025.ncencomunicacion.com\/wp-content\/uploads\/2026\/04\/buengobierno2_transparencia_fcnmemoria2025.jpg 1800w, https:\/\/memoria2025.ncencomunicacion.com\/wp-content\/uploads\/2026\/04\/buengobierno2_transparencia_fcnmemoria2025-1280x853.jpg 1280w, https:\/\/memoria2025.ncencomunicacion.com\/wp-content\/uploads\/2026\/04\/buengobierno2_transparencia_fcnmemoria2025-980x653.jpg 980w, https:\/\/memoria2025.ncencomunicacion.com\/wp-content\/uploads\/2026\/04\/buengobierno2_transparencia_fcnmemoria2025-480x320.jpg 480w\" sizes=\"(min-width: 0px) and (max-width: 480px) 480px, (min-width: 481px) and (max-width: 980px) 980px, (min-width: 981px) and (max-width: 1280px) 1280px, (min-width: 1281px) 1800px, 100vw\" class=\"wp-image-4358\" \/><\/span><\/div>\n\n<div class=\"et_pb_module et_pb_button_module_wrapper et_pb_button_3_wrapper\"><a class=\"et_pb_button_3 et_pb_button et_pb_bg_layout_light et_pb_module et_block_module\" href=\"https:\/\/www.fundacioncajanavarra.es\/conocenos\/transparencia\/info-contratacion-convenios-colaboracion\/codigo-buen-gobierno-corporativo.pdf\" target=\"_blank\">Gobernu Onaren Kodea<\/a><\/div>\n<\/div>\n<\/div>\n<\/div>","protected":false},"excerpt":{"rendered":"","protected":false},"author":2,"featured_media":4359,"parent":4670,"menu_order":46,"comment_status":"closed","ping_status":"closed","template":"","meta":{"_acf_changed":false,"inline_featured_image":false,"footnotes":""},"class_list":["post-4698","page","type-page","status-publish","has-post-thumbnail","hentry"],"acf":[],"yoast_head":"<!-- This site is optimized with the Yoast SEO plugin v27.6 - https:\/\/yoast.com\/product\/yoast-seo-wordpress\/ -->\n<title>Gobernu korporatiboa - Fundaci\u00f3n Caja Navarra - Memoria 2025<\/title>\n<meta name=\"robots\" content=\"noindex, follow, max-snippet:-1, max-image-preview:large, max-video-preview:-1\" \/>\n<meta property=\"og:locale\" content=\"eu_ES\" \/>\n<meta property=\"og:type\" content=\"article\" \/>\n<meta property=\"og:title\" content=\"Gobernu korporatiboa - Fundaci\u00f3n Caja Navarra - Memoria 2025\" \/>\n<meta property=\"og:url\" content=\"https:\/\/memoria2025.ncencomunicacion.com\/eu\/gardentasuna\/gobernu-korporatiboa\/\" \/>\n<meta property=\"og:site_name\" content=\"Fundaci\u00f3n Caja Navarra - Memoria 2025\" \/>\n<meta property=\"article:modified_time\" content=\"2026-05-06T03:28:38+00:00\" \/>\n<meta property=\"og:image\" content=\"https:\/\/memoria2025.ncencomunicacion.com\/wp-content\/uploads\/2026\/04\/buengobierno2_transparencia_fcnmemoria2025.jpg\" \/>\n\t<meta property=\"og:image:width\" content=\"1800\" \/>\n\t<meta property=\"og:image:height\" content=\"1200\" \/>\n\t<meta property=\"og:image:type\" content=\"image\/jpeg\" \/>\n<meta name=\"twitter:card\" content=\"summary_large_image\" \/>\n<meta name=\"twitter:label1\" content=\"Est. reading time\" \/>\n\t<meta name=\"twitter:data1\" content=\"1 minute\" \/>\n<script type=\"application\/ld+json\" class=\"yoast-schema-graph\">{\"@context\":\"https:\\\/\\\/schema.org\",\"@graph\":[{\"@type\":\"WebPage\",\"@id\":\"https:\\\/\\\/memoria2025.ncencomunicacion.com\\\/eu\\\/gardentasuna\\\/gobernu-korporatiboa\\\/\",\"url\":\"https:\\\/\\\/memoria2025.ncencomunicacion.com\\\/eu\\\/gardentasuna\\\/gobernu-korporatiboa\\\/\",\"name\":\"Gobernu korporatiboa - Fundaci\u00f3n Caja Navarra - Memoria 2025\",\"isPartOf\":{\"@id\":\"https:\\\/\\\/memoria2025.ncencomunicacion.com\\\/#website\"},\"primaryImageOfPage\":{\"@id\":\"https:\\\/\\\/memoria2025.ncencomunicacion.com\\\/eu\\\/gardentasuna\\\/gobernu-korporatiboa\\\/#primaryimage\"},\"image\":{\"@id\":\"https:\\\/\\\/memoria2025.ncencomunicacion.com\\\/eu\\\/gardentasuna\\\/gobernu-korporatiboa\\\/#primaryimage\"},\"thumbnailUrl\":\"https:\\\/\\\/memoria2025.ncencomunicacion.com\\\/wp-content\\\/uploads\\\/2026\\\/04\\\/buengobierno2_transparencia_fcnmemoria2025.jpg\",\"datePublished\":\"2026-04-08T08:31:59+00:00\",\"dateModified\":\"2026-05-06T03:28:38+00:00\",\"breadcrumb\":{\"@id\":\"https:\\\/\\\/memoria2025.ncencomunicacion.com\\\/eu\\\/gardentasuna\\\/gobernu-korporatiboa\\\/#breadcrumb\"},\"inLanguage\":\"eu-ES\",\"potentialAction\":[{\"@type\":\"ReadAction\",\"target\":[\"https:\\\/\\\/memoria2025.ncencomunicacion.com\\\/eu\\\/gardentasuna\\\/gobernu-korporatiboa\\\/\"]}]},{\"@type\":\"ImageObject\",\"inLanguage\":\"eu-ES\",\"@id\":\"https:\\\/\\\/memoria2025.ncencomunicacion.com\\\/eu\\\/gardentasuna\\\/gobernu-korporatiboa\\\/#primaryimage\",\"url\":\"https:\\\/\\\/memoria2025.ncencomunicacion.com\\\/wp-content\\\/uploads\\\/2026\\\/04\\\/buengobierno2_transparencia_fcnmemoria2025.jpg\",\"contentUrl\":\"https:\\\/\\\/memoria2025.ncencomunicacion.com\\\/wp-content\\\/uploads\\\/2026\\\/04\\\/buengobierno2_transparencia_fcnmemoria2025.jpg\",\"width\":1800,\"height\":1200},{\"@type\":\"BreadcrumbList\",\"@id\":\"https:\\\/\\\/memoria2025.ncencomunicacion.com\\\/eu\\\/gardentasuna\\\/gobernu-korporatiboa\\\/#breadcrumb\",\"itemListElement\":[{\"@type\":\"ListItem\",\"position\":1,\"name\":\"Portada\",\"item\":\"https:\\\/\\\/memoria2025.ncencomunicacion.com\\\/eu\\\/\"},{\"@type\":\"ListItem\",\"position\":2,\"name\":\"Gardentasuna\",\"item\":\"https:\\\/\\\/memoria2025.ncencomunicacion.com\\\/eu\\\/gardentasuna\\\/\"},{\"@type\":\"ListItem\",\"position\":3,\"name\":\"Gobernu korporatiboa\"}]},{\"@type\":\"WebSite\",\"@id\":\"https:\\\/\\\/memoria2025.ncencomunicacion.com\\\/#website\",\"url\":\"https:\\\/\\\/memoria2025.ncencomunicacion.com\\\/\",\"name\":\"Fundaci\u00f3n Caja Navarra - Memoria 2025\",\"description\":\"\",\"publisher\":{\"@id\":\"https:\\\/\\\/memoria2025.ncencomunicacion.com\\\/#organization\"},\"potentialAction\":[{\"@type\":\"SearchAction\",\"target\":{\"@type\":\"EntryPoint\",\"urlTemplate\":\"https:\\\/\\\/memoria2025.ncencomunicacion.com\\\/?s={search_term_string}\"},\"query-input\":{\"@type\":\"PropertyValueSpecification\",\"valueRequired\":true,\"valueName\":\"search_term_string\"}}],\"inLanguage\":\"eu-ES\"},{\"@type\":\"Organization\",\"@id\":\"https:\\\/\\\/memoria2025.ncencomunicacion.com\\\/#organization\",\"name\":\"Fundaci\u00f3n Caja Navarra\",\"url\":\"https:\\\/\\\/memoria2025.ncencomunicacion.com\\\/\",\"logo\":{\"@type\":\"ImageObject\",\"inLanguage\":\"eu-ES\",\"@id\":\"https:\\\/\\\/memoria2025.ncencomunicacion.com\\\/#\\\/schema\\\/logo\\\/image\\\/\",\"url\":\"https:\\\/\\\/memoria2025.ncencomunicacion.com\\\/wp-content\\\/uploads\\\/2025\\\/05\\\/logo-fcn-black.svg\",\"contentUrl\":\"https:\\\/\\\/memoria2025.ncencomunicacion.com\\\/wp-content\\\/uploads\\\/2025\\\/05\\\/logo-fcn-black.svg\",\"width\":196,\"height\":90,\"caption\":\"Fundaci\u00f3n Caja Navarra\"},\"image\":{\"@id\":\"https:\\\/\\\/memoria2025.ncencomunicacion.com\\\/#\\\/schema\\\/logo\\\/image\\\/\"}}]}<\/script>\n<!-- \/ Yoast SEO plugin. -->","yoast_head_json":{"title":"Gobernu korporatiboa - Fundaci\u00f3n Caja Navarra - Memoria 2025","robots":{"index":"noindex","follow":"follow","max-snippet":"max-snippet:-1","max-image-preview":"max-image-preview:large","max-video-preview":"max-video-preview:-1"},"og_locale":"eu_ES","og_type":"article","og_title":"Gobernu korporatiboa - Fundaci\u00f3n Caja Navarra - Memoria 2025","og_url":"https:\/\/memoria2025.ncencomunicacion.com\/eu\/gardentasuna\/gobernu-korporatiboa\/","og_site_name":"Fundaci\u00f3n Caja Navarra - Memoria 2025","article_modified_time":"2026-05-06T03:28:38+00:00","og_image":[{"width":1800,"height":1200,"url":"https:\/\/memoria2025.ncencomunicacion.com\/wp-content\/uploads\/2026\/04\/buengobierno2_transparencia_fcnmemoria2025.jpg","type":"image\/jpeg"}],"twitter_card":"summary_large_image","twitter_misc":{"Est. reading time":"1 minute"},"schema":{"@context":"https:\/\/schema.org","@graph":[{"@type":"WebPage","@id":"https:\/\/memoria2025.ncencomunicacion.com\/eu\/gardentasuna\/gobernu-korporatiboa\/","url":"https:\/\/memoria2025.ncencomunicacion.com\/eu\/gardentasuna\/gobernu-korporatiboa\/","name":"Gobernu korporatiboa - Fundaci\u00f3n Caja Navarra - Memoria 2025","isPartOf":{"@id":"https:\/\/memoria2025.ncencomunicacion.com\/#website"},"primaryImageOfPage":{"@id":"https:\/\/memoria2025.ncencomunicacion.com\/eu\/gardentasuna\/gobernu-korporatiboa\/#primaryimage"},"image":{"@id":"https:\/\/memoria2025.ncencomunicacion.com\/eu\/gardentasuna\/gobernu-korporatiboa\/#primaryimage"},"thumbnailUrl":"https:\/\/memoria2025.ncencomunicacion.com\/wp-content\/uploads\/2026\/04\/buengobierno2_transparencia_fcnmemoria2025.jpg","datePublished":"2026-04-08T08:31:59+00:00","dateModified":"2026-05-06T03:28:38+00:00","breadcrumb":{"@id":"https:\/\/memoria2025.ncencomunicacion.com\/eu\/gardentasuna\/gobernu-korporatiboa\/#breadcrumb"},"inLanguage":"eu-ES","potentialAction":[{"@type":"ReadAction","target":["https:\/\/memoria2025.ncencomunicacion.com\/eu\/gardentasuna\/gobernu-korporatiboa\/"]}]},{"@type":"ImageObject","inLanguage":"eu-ES","@id":"https:\/\/memoria2025.ncencomunicacion.com\/eu\/gardentasuna\/gobernu-korporatiboa\/#primaryimage","url":"https:\/\/memoria2025.ncencomunicacion.com\/wp-content\/uploads\/2026\/04\/buengobierno2_transparencia_fcnmemoria2025.jpg","contentUrl":"https:\/\/memoria2025.ncencomunicacion.com\/wp-content\/uploads\/2026\/04\/buengobierno2_transparencia_fcnmemoria2025.jpg","width":1800,"height":1200},{"@type":"BreadcrumbList","@id":"https:\/\/memoria2025.ncencomunicacion.com\/eu\/gardentasuna\/gobernu-korporatiboa\/#breadcrumb","itemListElement":[{"@type":"ListItem","position":1,"name":"Portada","item":"https:\/\/memoria2025.ncencomunicacion.com\/eu\/"},{"@type":"ListItem","position":2,"name":"Gardentasuna","item":"https:\/\/memoria2025.ncencomunicacion.com\/eu\/gardentasuna\/"},{"@type":"ListItem","position":3,"name":"Gobernu korporatiboa"}]},{"@type":"WebSite","@id":"https:\/\/memoria2025.ncencomunicacion.com\/#website","url":"https:\/\/memoria2025.ncencomunicacion.com\/","name":"Fundaci\u00f3n Caja Navarra - Memoria 2025","description":"","publisher":{"@id":"https:\/\/memoria2025.ncencomunicacion.com\/#organization"},"potentialAction":[{"@type":"SearchAction","target":{"@type":"EntryPoint","urlTemplate":"https:\/\/memoria2025.ncencomunicacion.com\/?s={search_term_string}"},"query-input":{"@type":"PropertyValueSpecification","valueRequired":true,"valueName":"search_term_string"}}],"inLanguage":"eu-ES"},{"@type":"Organization","@id":"https:\/\/memoria2025.ncencomunicacion.com\/#organization","name":"Fundaci\u00f3n Caja Navarra","url":"https:\/\/memoria2025.ncencomunicacion.com\/","logo":{"@type":"ImageObject","inLanguage":"eu-ES","@id":"https:\/\/memoria2025.ncencomunicacion.com\/#\/schema\/logo\/image\/","url":"https:\/\/memoria2025.ncencomunicacion.com\/wp-content\/uploads\/2025\/05\/logo-fcn-black.svg","contentUrl":"https:\/\/memoria2025.ncencomunicacion.com\/wp-content\/uploads\/2025\/05\/logo-fcn-black.svg","width":196,"height":90,"caption":"Fundaci\u00f3n Caja Navarra"},"image":{"@id":"https:\/\/memoria2025.ncencomunicacion.com\/#\/schema\/logo\/image\/"}}]}},"_links":{"self":[{"href":"https:\/\/memoria2025.ncencomunicacion.com\/eu\/wp-json\/wp\/v2\/pages\/4698","targetHints":{"allow":["GET"]}}],"collection":[{"href":"https:\/\/memoria2025.ncencomunicacion.com\/eu\/wp-json\/wp\/v2\/pages"}],"about":[{"href":"https:\/\/memoria2025.ncencomunicacion.com\/eu\/wp-json\/wp\/v2\/types\/page"}],"author":[{"embeddable":true,"href":"https:\/\/memoria2025.ncencomunicacion.com\/eu\/wp-json\/wp\/v2\/users\/2"}],"replies":[{"embeddable":true,"href":"https:\/\/memoria2025.ncencomunicacion.com\/eu\/wp-json\/wp\/v2\/comments?post=4698"}],"version-history":[{"count":2,"href":"https:\/\/memoria2025.ncencomunicacion.com\/eu\/wp-json\/wp\/v2\/pages\/4698\/revisions"}],"predecessor-version":[{"id":4840,"href":"https:\/\/memoria2025.ncencomunicacion.com\/eu\/wp-json\/wp\/v2\/pages\/4698\/revisions\/4840"}],"up":[{"embeddable":true,"href":"https:\/\/memoria2025.ncencomunicacion.com\/eu\/wp-json\/wp\/v2\/pages\/4670"}],"wp:featuredmedia":[{"embeddable":true,"href":"https:\/\/memoria2025.ncencomunicacion.com\/eu\/wp-json\/wp\/v2\/media\/4359"}],"wp:attachment":[{"href":"https:\/\/memoria2025.ncencomunicacion.com\/eu\/wp-json\/wp\/v2\/media?parent=4698"}],"curies":[{"name":"wp","href":"https:\/\/api.w.org\/{rel}","templated":true}]}}